{"id":58,"date":"2021-11-09T20:23:48","date_gmt":"2021-11-09T20:23:48","guid":{"rendered":"https:\/\/bjz.mx\/nuevo\/?page_id=58"},"modified":"2024-02-12T22:07:27","modified_gmt":"2024-02-12T22:07:27","slug":"aviso-de-privacidad","status":"publish","type":"page","link":"https:\/\/bjz.mx\/index.php\/aviso-de-privacidad\/","title":{"rendered":"Aviso de Privacidad"},"content":{"rendered":"<h2><strong>AVISO DE PRIVACIDAD<\/strong><\/h2>\n<p>&nbsp;<\/p>\n<p>MARIA DEL PILAR BOJ\u00d3RQUEZ AGUIAR Y\/O GUSTAVO SOTELO ROMO, mejor conocidos como BJZ Broker en Seguros, con domicilio en la calle Cenit 1291,\u00a0 de la colonia Jardines del Bosque, en la ciudad de Guadalajara,\u00a0 Jalisco, M\u00e9xico, con C.P. n\u00famero 44520, en la entidad y portal de internet www.bjz.mx, es el responsable del uso y protecci\u00f3n sus datos personales, y al respecto le informamos lo siguiente:<\/p>\n<p><strong>\u00bfPara qu\u00e9 fines utilizaremos sus datos personales?<\/strong><\/p>\n<p>Los datos personales que recabamos de usted, los utilizaremos para las siguientes finalidades que son necesarias para el servicio que solicita:<\/p>\n<ul>\n<li>hacer el cobro de las primas<\/li>\n<li>tramitar reembolsos<\/li>\n<li>tramitar pagos<\/li>\n<li>asesor\u00eda y consultor\u00eda sobre seguros y pensiones<\/li>\n<li>proyectar pensiones<\/li>\n<\/ul>\n<p>De manera adicional, utilizaremos su informaci\u00f3n personal para las siguientes finalidades secundarias que no son necesarias para el servicio solicitado, pero que nos permiten y facilitan brindarle una mejor atenci\u00f3n:<\/p>\n<ul>\n<li>Evaluaci\u00f3n de servicios y atenci\u00f3n<\/li>\n<li>Mercadotecnia o publicitaria<\/li>\n<li>Prospecci\u00f3n Comercial<\/li>\n<\/ul>\n<p>En caso de que no desee que sus datos personales se utilicen para estos fines secundarios, ind\u00edquelo a continuaci\u00f3n:<\/p>\n<p>No consiento que mis datos personales se utilicen para los siguientes fines:<\/p>\n[\u00a0 ] Evaluaci\u00f3n de servicio y atenci\u00f3n<\/p>\n[\u00a0 ] Mercadotecnia o publicitaria<\/p>\n[\u00a0 ] Prospecci\u00f3n comercial<\/p>\n<p>La negativa para el uso de sus datos personales para estas finalidades no podr\u00e1 ser un motivo para que le neguemos los servicios y productos que solicita o contrata con nosotros.<\/p>\n<p>&nbsp;<\/p>\n<p><strong>\u00bfQu\u00e9 otros personales utilizaremos para estos fines?<\/strong><\/p>\n<p>Para llevar a cabo las finalidades descritas en el presente aviso de privacidad, utilizaremos los siguientes datos personales:<\/p>\n<ul>\n<li>Nombre<\/li>\n<li>Estado Civil<\/li>\n<li>Registro Federal de Contribuyentes (RFC)<\/li>\n<li>Clave \u00danica de Registro de Poblaci\u00f3n (CURP)<\/li>\n<li>Lugar de nacimiento<\/li>\n<li>Fecha de nacimiento<\/li>\n<li>Nacionalidad<\/li>\n<li>Domicilio<\/li>\n<li>Tel\u00e9fono particular<\/li>\n<li>Tel\u00e9fono celular<\/li>\n<li>Correo electr\u00f3nico<\/li>\n<li>Firma aut\u00f3grafa<\/li>\n<li>Firma electr\u00f3nica<\/li>\n<li>Edad<\/li>\n<li>Fotograf\u00eda<\/li>\n<li>Estatura<\/li>\n<li>Peso<\/li>\n<li>Tipo de sangre<\/li>\n<li>Puesto o cargo que desempe\u00f1a<\/li>\n<li>Domicilio de trabajo<\/li>\n<li>Correo electr\u00f3nico institucional<\/li>\n<li>Tel\u00e9fono institucional<\/li>\n<li>Calidad migratoria<\/li>\n<li>Bienes muebles<\/li>\n<li>Bienes inmuebles<\/li>\n<li>Informaci\u00f3n iscal<\/li>\n<li>Ingresos<\/li>\n<li>Egresos<\/li>\n<li>Cuentas bancarias<\/li>\n<li>N\u00famero de tarjetas de cr\u00e9dito<\/li>\n<li>Seguros<\/li>\n<li>Afores<\/li>\n<li>Pasatiempos<\/li>\n<li>Aficiones<\/li>\n<li>Deportes que practica<\/li>\n<\/ul>\n<p>Adem\u00e1s de los datos personales mencionados anteriormente, para las finalidades informadas en el presente aviso de privacidad utilizaremos los siguientes datos personales considerados como sensibles, que requieren de especial protecci\u00f3n<\/p>\n<ul>\n<li>Datos de salud<\/li>\n<li>Datos financieros<\/li>\n<\/ul>\n<p><strong>\u00bfCon qui\u00e9n compartimos su informaci\u00f3n personal y para qu\u00e9 fines?<\/strong><\/p>\n<p>Le informamos que sus datos personales son compartidos dentro pa\u00eds con las siguientes personas, empresas, organizaciones o autoridades distintas a nosotros, para los siguientes fines:<\/p>\n<table>\n<tbody>\n<tr>\n<td width=\"196\">Destinatario de los datos personales<\/td>\n<td width=\"196\">Finalidad<\/td>\n<td width=\"196\">Requiere del consentimiento<\/td>\n<\/tr>\n<tr>\n<td width=\"196\">Instituciones financieras<\/td>\n<td width=\"196\">tramitaci\u00f3n de pagos\/reembolsos<\/td>\n<td width=\"196\">s\u00ed<\/td>\n<\/tr>\n<tr>\n<td width=\"196\">Aseguradoras<\/td>\n<td width=\"196\">Tramitaci\u00f3n de servicios y presupuestos<\/td>\n<td width=\"196\">s\u00ed<\/td>\n<\/tr>\n<tr>\n<td width=\"196\">Instituciones de Salud<\/td>\n<td width=\"196\">Tramitaci\u00f3n de servicios<\/td>\n<td width=\"196\">s\u00ed<\/td>\n<\/tr>\n<tr>\n<td width=\"196\">Agencias de mercadotecnia y publicidad<\/td>\n<td width=\"196\">Env\u00edo de informaci\u00f3n importante sobre nuestros servicios.<\/td>\n<td width=\"196\">s\u00ed<\/td>\n<\/tr>\n<\/tbody>\n<\/table>\n<p>&nbsp;<\/p>\n<p>Con relaci\u00f3n las transferencias que requieren de su consentimiento, por favor indique a continuaci\u00f3n si nos lo otorga:<\/p>\n<p>Otorgo mi consentimiento para las siguientes transferencias de mis datos personales:<\/p>\n<table>\n<tbody>\n<tr>\n<td width=\"196\">Destinatario de los datos personales<\/td>\n<td width=\"196\">Finalidad<\/td>\n<td width=\"196\">Selecciona<\/td>\n<\/tr>\n<tr>\n<td width=\"196\">Instituciones financieras<\/td>\n<td width=\"196\">Tramites de pagos\/reembolsos<\/td>\n<td width=\"196\">\u00a0Si\u00a0\u00a0\u00a0\u00a0\u00a0\u00a0\u00a0\u00a0\u00a0\u00a0\u00a0\u00a0\u00a0 No<\/td>\n<\/tr>\n<tr>\n<td width=\"196\">Aseguradoras<\/td>\n<td width=\"196\">Tramitaci\u00f3n, presupuesto y proyecci\u00f3n de servicios<\/td>\n<td width=\"196\">\u00a0Si\u00a0\u00a0\u00a0\u00a0\u00a0\u00a0\u00a0\u00a0\u00a0\u00a0\u00a0\u00a0\u00a0\u00a0 No<\/td>\n<\/tr>\n<tr>\n<td width=\"196\">Instituciones de Salud<\/td>\n<td width=\"196\">Tramitaci\u00f3n de pagos, reembolsos y servicios<\/td>\n<td width=\"196\">\u00a0Si\u00a0\u00a0\u00a0\u00a0\u00a0\u00a0\u00a0\u00a0\u00a0\u00a0\u00a0\u00a0\u00a0\u00a0\u00a0 No<\/td>\n<\/tr>\n<\/tbody>\n<\/table>\n<p>&nbsp;<\/p>\n<p><strong>\u00bfC\u00f3mo puede acceder, rectificar o cancelar sus datos personales u oponerse a su uso?<\/strong><\/p>\n<p>Usted tiene derecho a conocer qu\u00e9 datos personales tenemos de usted, para qu\u00e9 los utilizamos y las condiciones del uso que les damos (Acceso). Asimismo, es su derecho solicitar la correcci\u00f3n de su informaci\u00f3n personal en caso de que est\u00e9 desactualizada, sea inexacta o incompleta (Rectificaci\u00f3n que la eliminemos de nuestros registros o bases de datos cuando considere que la misma no est\u00e1 siendo utilizada adecuadamente (Cancelaci\u00f3n, as\u00ed como oponerse al uso de sus datos personales para fines espec\u00edficos (Oposici\u00f3n). Estos derechos se conocen como derechos ARCO.<\/p>\n<p>&nbsp;<\/p>\n<p>Para el ejercicio de cualquiera de los derechos ARCO, usted deber\u00e1 presentar la solicitud respectiva a trav\u00e9s del siguiente medio:<\/p>\n<p>gustavo@bjz.mx<\/p>\n<p>Para conocer el procedimiento y requisitos para el ejercicio de los derechos ARCO, ponemos a su disposici\u00f3n del siguiente medio: gustavo@bjz.mx<\/p>\n<p>Los datos de contacto de la persona o departamento de datos personales, que est\u00e1 a cargo de dar tr\u00e1mite a las solicitudes de derechos ARCO, son los siguientes:<\/p>\n<ol>\n<li>a) Nombre de la persona o departamento de datos personales: Gustavo Sotelo Romo<\/li>\n<li>b) Domicilio: calle Cenit 1291, colonia Jardines del Bosque, ciudad Guadalajara Jalisco, M\u00e9xico. C.P. 44520,<\/li>\n<\/ol>\n<p>&nbsp;<\/p>\n<p><strong>Usted puede revocar su consentimiento para el uso de sus datos personales<\/strong><\/p>\n<p>Usted puede revocar el consentimiento que, en su caso, nos haya otorgado para el tratamiento de sus datos personales. Sin embargo, es importante que tenga en cuenta que no en todos los casos podremos atender su solicitud o concluir el uso de forma inmediata, ya que es posible que por alguna obligaci\u00f3n legal requiramos seguir tratando sus datos personales. Asimismo, usted deber\u00e1 considerar que, para ciertos fines, la revocaci\u00f3n de su consentimiento implicar\u00e1 que no le podamos seguir prestando el servicio que nos solicita y por tanto se concluya su relaci\u00f3n con nosotros.<\/p>\n<p>Para revocar su consentimiento deber\u00e1 presentar su solicitud a trav\u00e9s del siguiente medio:<\/p>\n<p>gustavo@bjz.mx<\/p>\n<p>Para conocer el procedimiento y requisitos para la revocaci\u00f3n del consentimiento, ponemos a su disposici\u00f3n el siguiente medio:<\/p>\n<p>gustavo@bjz.mx<\/p>\n<p>&nbsp;<\/p>\n<p><strong>\u00bfC\u00f3mo puede limitar el uso o divulgaci\u00f3n de su informaci\u00f3n personal?<\/strong><\/p>\n<p>Con objeto de que usted pueda limitar el uso y divulgaci\u00f3n de su informaci\u00f3n personal, le ofrecemos los siguientes medios:<\/p>\n<p>gustavo@bjz.mx<\/p>\n<p>Asimismo, usted se podr\u00e1 inscribir a los siguientes registros, en caso de que no desee obtener publicidad de nuestra parte:<\/p>\n<p>Registro P\u00fablico para Evitar Publicidad, para m\u00e1s informaci\u00f3n consulte el portal de internet de la PROFECO<\/p>\n<p>Registro P\u00fablico de Usuarios, para m\u00e1s informaci\u00f3n consulte el portal de internet de la CONDUSEF<\/p>\n<p>&nbsp;<\/p>\n<p><strong>\u00bfC\u00f3mo puede conocer los cambios en este aviso de privacidad?<\/strong><\/p>\n<p>El presente aviso de privacidad puede sufrir modificaciones, cambios o actualizaciones derivadas de nuevos requerimientos legales; de nuestras propias necesidades por los productos o servicios que ofrecemos; de nuestras pol\u00edticas de privacidad; de cambios en nuestro modelo de negocio, o por otras causas.<\/p>\n<p>Nos comprometemos a mantenerlo informado sobre los cambios que pueda sufrir el presente aviso de privacidad, a trav\u00e9s de: correo electr\u00f3nico<\/p>\n<p>El procedimiento a trav\u00e9s del cual se llevar\u00e1n a cabo las notificaciones sobre cambios o actualizaciones al presente aviso de privacidad es el siguiente:<\/p>\n<p>ingresar a la p\u00e1gina de internet<\/p>\n<p>Su consentimiento para el tratamiento de sus datos personales:<\/p>\n<p>Consiento que mis datos personales sean tratados de conformidad con los t\u00e9rminos y condiciones informados en el presente aviso de privacidad.[\u00a0 ]\n<p>\u00daltima actualizaci\u00f3n 22 de enero del 2024<\/p>\n<p>&nbsp;<\/p>\n","protected":false},"excerpt":{"rendered":"<p>AVISO DE PRIVACIDAD &nbsp; MARIA DEL PILAR BOJ\u00d3RQUEZ AGUIAR Y\/O GUSTAVO SOTELO ROMO, mejor conocidos como BJZ Broker en Seguros, con domicilio en la calle Cenit 1291,\u00a0 de la colonia&#8230;<\/p>\n","protected":false},"author":1,"featured_media":0,"parent":0,"menu_order":0,"comment_status":"closed","ping_status":"closed","template":"","meta":{"_joinchat":[],"footnotes":""},"class_list":["post-58","page","type-page","status-publish"],"yoast_head":"<!-- This site is optimized with the Yoast SEO plugin v21.0 - https:\/\/yoast.com\/wordpress\/plugins\/seo\/ -->\n<title>Aviso de Privacidad - Boj\u00f3rquez<\/title>\n<meta name=\"robots\" content=\"index, follow, max-snippet:-1, max-image-preview:large, max-video-preview:-1\" \/>\n<link rel=\"canonical\" href=\"https:\/\/bjz.mx\/index.php\/aviso-de-privacidad\/\" \/>\n<meta property=\"og:locale\" content=\"es_ES\" \/>\n<meta property=\"og:type\" content=\"article\" \/>\n<meta property=\"og:title\" content=\"Aviso de Privacidad - Boj\u00f3rquez\" \/>\n<meta property=\"og:description\" content=\"AVISO DE PRIVACIDAD &nbsp; MARIA DEL PILAR BOJ\u00d3RQUEZ AGUIAR Y\/O GUSTAVO SOTELO ROMO, mejor conocidos como BJZ Broker en Seguros, con domicilio en la calle Cenit 1291,\u00a0 de la colonia...\" \/>\n<meta property=\"og:url\" content=\"https:\/\/bjz.mx\/index.php\/aviso-de-privacidad\/\" \/>\n<meta property=\"og:site_name\" content=\"Boj\u00f3rquez\" \/>\n<meta property=\"article:publisher\" content=\"https:\/\/www.facebook.com\/bojorquezasesor\/\" \/>\n<meta property=\"article:modified_time\" content=\"2024-02-12T22:07:27+00:00\" \/>\n<meta name=\"twitter:card\" content=\"summary_large_image\" \/>\n<meta name=\"twitter:label1\" content=\"Tiempo de lectura\" \/>\n\t<meta name=\"twitter:data1\" content=\"5 minutos\" \/>\n<script type=\"application\/ld+json\" class=\"yoast-schema-graph\">{\"@context\":\"https:\/\/schema.org\",\"@graph\":[{\"@type\":\"WebPage\",\"@id\":\"https:\/\/bjz.mx\/index.php\/aviso-de-privacidad\/\",\"url\":\"https:\/\/bjz.mx\/index.php\/aviso-de-privacidad\/\",\"name\":\"Aviso de Privacidad - Boj\u00f3rquez\",\"isPartOf\":{\"@id\":\"https:\/\/bjz.mx\/#website\"},\"datePublished\":\"2021-11-09T20:23:48+00:00\",\"dateModified\":\"2024-02-12T22:07:27+00:00\",\"breadcrumb\":{\"@id\":\"https:\/\/bjz.mx\/index.php\/aviso-de-privacidad\/#breadcrumb\"},\"inLanguage\":\"es\",\"potentialAction\":[{\"@type\":\"ReadAction\",\"target\":[\"https:\/\/bjz.mx\/index.php\/aviso-de-privacidad\/\"]}]},{\"@type\":\"BreadcrumbList\",\"@id\":\"https:\/\/bjz.mx\/index.php\/aviso-de-privacidad\/#breadcrumb\",\"itemListElement\":[{\"@type\":\"ListItem\",\"position\":1,\"name\":\"Portada\",\"item\":\"https:\/\/bjz.mx\/\"},{\"@type\":\"ListItem\",\"position\":2,\"name\":\"Aviso de Privacidad\"}]},{\"@type\":\"WebSite\",\"@id\":\"https:\/\/bjz.mx\/#website\",\"url\":\"https:\/\/bjz.mx\/\",\"name\":\"Boj\u00f3rquez\",\"description\":\"Br\u00f3ker en Seguros\",\"publisher\":{\"@id\":\"https:\/\/bjz.mx\/#organization\"},\"potentialAction\":[{\"@type\":\"SearchAction\",\"target\":{\"@type\":\"EntryPoint\",\"urlTemplate\":\"https:\/\/bjz.mx\/?s={search_term_string}\"},\"query-input\":\"required name=search_term_string\"}],\"inLanguage\":\"es\"},{\"@type\":\"Organization\",\"@id\":\"https:\/\/bjz.mx\/#organization\",\"name\":\"Boj\u00f3rquez Br\u00f3ker en seguros\",\"url\":\"https:\/\/bjz.mx\/\",\"logo\":{\"@type\":\"ImageObject\",\"inLanguage\":\"es\",\"@id\":\"https:\/\/bjz.mx\/#\/schema\/logo\/image\/\",\"url\":\"https:\/\/bjz.mx\/nuevo\/wp-content\/uploads\/2021\/11\/logotipo-bjz.png\",\"contentUrl\":\"https:\/\/bjz.mx\/nuevo\/wp-content\/uploads\/2021\/11\/logotipo-bjz.png\",\"width\":261,\"height\":103,\"caption\":\"Boj\u00f3rquez Br\u00f3ker en seguros\"},\"image\":{\"@id\":\"https:\/\/bjz.mx\/#\/schema\/logo\/image\/\"},\"sameAs\":[\"https:\/\/www.facebook.com\/bojorquezasesor\/\"]}]}<\/script>\n<!-- \/ Yoast SEO plugin. -->","yoast_head_json":{"title":"Aviso de Privacidad - Boj\u00f3rquez","robots":{"index":"index","follow":"follow","max-snippet":"max-snippet:-1","max-image-preview":"max-image-preview:large","max-video-preview":"max-video-preview:-1"},"canonical":"https:\/\/bjz.mx\/index.php\/aviso-de-privacidad\/","og_locale":"es_ES","og_type":"article","og_title":"Aviso de Privacidad - Boj\u00f3rquez","og_description":"AVISO DE PRIVACIDAD &nbsp; MARIA DEL PILAR BOJ\u00d3RQUEZ AGUIAR Y\/O GUSTAVO SOTELO ROMO, mejor conocidos como BJZ Broker en Seguros, con domicilio en la calle Cenit 1291,\u00a0 de la colonia...","og_url":"https:\/\/bjz.mx\/index.php\/aviso-de-privacidad\/","og_site_name":"Boj\u00f3rquez","article_publisher":"https:\/\/www.facebook.com\/bojorquezasesor\/","article_modified_time":"2024-02-12T22:07:27+00:00","twitter_card":"summary_large_image","twitter_misc":{"Tiempo de lectura":"5 minutos"},"schema":{"@context":"https:\/\/schema.org","@graph":[{"@type":"WebPage","@id":"https:\/\/bjz.mx\/index.php\/aviso-de-privacidad\/","url":"https:\/\/bjz.mx\/index.php\/aviso-de-privacidad\/","name":"Aviso de Privacidad - Boj\u00f3rquez","isPartOf":{"@id":"https:\/\/bjz.mx\/#website"},"datePublished":"2021-11-09T20:23:48+00:00","dateModified":"2024-02-12T22:07:27+00:00","breadcrumb":{"@id":"https:\/\/bjz.mx\/index.php\/aviso-de-privacidad\/#breadcrumb"},"inLanguage":"es","potentialAction":[{"@type":"ReadAction","target":["https:\/\/bjz.mx\/index.php\/aviso-de-privacidad\/"]}]},{"@type":"BreadcrumbList","@id":"https:\/\/bjz.mx\/index.php\/aviso-de-privacidad\/#breadcrumb","itemListElement":[{"@type":"ListItem","position":1,"name":"Portada","item":"https:\/\/bjz.mx\/"},{"@type":"ListItem","position":2,"name":"Aviso de Privacidad"}]},{"@type":"WebSite","@id":"https:\/\/bjz.mx\/#website","url":"https:\/\/bjz.mx\/","name":"Boj\u00f3rquez","description":"Br\u00f3ker en Seguros","publisher":{"@id":"https:\/\/bjz.mx\/#organization"},"potentialAction":[{"@type":"SearchAction","target":{"@type":"EntryPoint","urlTemplate":"https:\/\/bjz.mx\/?s={search_term_string}"},"query-input":"required name=search_term_string"}],"inLanguage":"es"},{"@type":"Organization","@id":"https:\/\/bjz.mx\/#organization","name":"Boj\u00f3rquez Br\u00f3ker en seguros","url":"https:\/\/bjz.mx\/","logo":{"@type":"ImageObject","inLanguage":"es","@id":"https:\/\/bjz.mx\/#\/schema\/logo\/image\/","url":"https:\/\/bjz.mx\/nuevo\/wp-content\/uploads\/2021\/11\/logotipo-bjz.png","contentUrl":"https:\/\/bjz.mx\/nuevo\/wp-content\/uploads\/2021\/11\/logotipo-bjz.png","width":261,"height":103,"caption":"Boj\u00f3rquez Br\u00f3ker en seguros"},"image":{"@id":"https:\/\/bjz.mx\/#\/schema\/logo\/image\/"},"sameAs":["https:\/\/www.facebook.com\/bojorquezasesor\/"]}]}},"_links":{"self":[{"href":"https:\/\/bjz.mx\/index.php\/wp-json\/wp\/v2\/pages\/58","targetHints":{"allow":["GET"]}}],"collection":[{"href":"https:\/\/bjz.mx\/index.php\/wp-json\/wp\/v2\/pages"}],"about":[{"href":"https:\/\/bjz.mx\/index.php\/wp-json\/wp\/v2\/types\/page"}],"author":[{"embeddable":true,"href":"https:\/\/bjz.mx\/index.php\/wp-json\/wp\/v2\/users\/1"}],"replies":[{"embeddable":true,"href":"https:\/\/bjz.mx\/index.php\/wp-json\/wp\/v2\/comments?post=58"}],"version-history":[{"count":3,"href":"https:\/\/bjz.mx\/index.php\/wp-json\/wp\/v2\/pages\/58\/revisions"}],"predecessor-version":[{"id":156,"href":"https:\/\/bjz.mx\/index.php\/wp-json\/wp\/v2\/pages\/58\/revisions\/156"}],"wp:attachment":[{"href":"https:\/\/bjz.mx\/index.php\/wp-json\/wp\/v2\/media?parent=58"}],"curies":[{"name":"wp","href":"https:\/\/api.w.org\/{rel}","templated":true}]}}